{"id":1575,"date":"2016-01-11T16:15:22","date_gmt":"2016-01-11T19:15:22","guid":{"rendered":"http:\/\/vn-themes.com\/?page_id=693"},"modified":"2019-03-12T14:05:13","modified_gmt":"2019-03-12T14:05:13","slug":"f-a-q-s-2","status":"publish","type":"page","link":"http:\/\/promoprint.com.ar\/site4\/f-a-q-s-2\/","title":{"rendered":"Preguntas frecuentes"},"content":{"rendered":"[vc_row css=&#8221;.vc_custom_1452528874231{margin-top: 50px !important;}&#8221;][vc_column][vc_custom_heading text=&#8221;Preguntas Frecuentes&#8221; font_container=&#8221;tag:h2|text_align:center&#8221; google_fonts=&#8221;font_family:Montserrat%3Aregular%2C700|font_style:400%20regular%3A400%3Anormal&#8221;][vc_column_text]\n<p style=\"text-align: left;\">Aqu\u00ed podr\u00e1s encontrar las consultas m\u00e1s comunes sobre nuestro sitio, y al respecto de la preparaci\u00f3n del material a enviar.<\/p>\n<p style=\"text-align: left;\">Si necesitas realizar otra consulta, por favor utiliza el formulario de contacto.<\/p>\n<p style=\"text-align: left;\">Muchas gracias.<\/p>\n[\/vc_column_text][\/vc_column][\/vc_row][vc_row][vc_column][vc_tta_tabs active_section=&#8221;1&#8243; pagination_style=&#8221;outline-round&#8221;][vc_tta_section title=&#8221;Cuenta&#8221; tab_id=&#8221;1548355206180-4e32e894-4782&#8243;][vc_toggle title=&#8221;Me olvid\u00e9 la contrase\u00f1a \u00bfC\u00f3mo la recupero?&#8221;]Para recuperar los datos de acceso a su cuenta, hace clic en el bot\u00f3n en la parte superior &#8220;Iniciar sesi\u00f3n&#8221; y luego en &#8220;\u00bfPerdiste tu contrase\u00f1a?&#8221;. Escrib\u00ed el correo electr\u00f3nico con el cual te registraste. En pocos minutos, te enviaremos un correo con la informaci\u00f3n necesaria (si no encuentras el correo aseg\u00farate de controlar la carpeta spam)[\/vc_toggle][\/vc_tta_section][vc_tta_section title=&#8221;Pedidos&#8221; tab_id=&#8221;1548355206209-14991c0c-4e80&#8243;][vc_toggle title=&#8221;\u00bfPuedo enviar mi trabajo a trav\u00e9s de otro medio que no sea internet?&#8221;]Podes pasar por nuestro local (\u2026\u2026\u2026\u2026\u2026.) y dejar el archivo de dise\u00f1o[\/vc_toggle][vc_toggle title=&#8221;\u00bfQu\u00e9 sucede si mi pedido no est\u00e1 preparado correctamente?&#8221;]Si el archivo recibido no corresponde a los par\u00e1metros que indicamos (10 puntos para una correcta impresi\u00f3n) recibir\u00e1s un mail (de ventas@promoprint.com) se\u00f1alando cual es el problema y como solucionarlo. Si es necesario que nos env\u00edes el dise\u00f1o nuevamente, solo con adjuntarlo y responder a nuestro mail es suficiente, NO hace falta subirlo nuevamente a nuestra p\u00e1gina.<\/p>\n<p>Las fechas de entrega estimadas ser\u00e1n actualizadas a partir del momento de la \u00faltima recepci\u00f3n del archivo.[\/vc_toggle][vc_toggle title=&#8221;Estoy interesado en hacer un pedido, pero no tengo la manera de armar el dise\u00f1o \u00bfUstedes se encargan de dise\u00f1arlo?&#8221;]En caso de que no cuentes con el dise\u00f1o terminado, te ofrecemos la posibilidad de utilizar nuestras plantillas para que puedas armarlo de la forma adecuada. Si tenes problemas con las plantillas, te ofrecemos nuestro servicio de dise\u00f1o, un profesional te dar\u00e1 una mano, a un precio accesible. Cont\u00e1ctanos a ventas@promoprint.com.[\/vc_toggle][vc_toggle title=&#8221;\u00bfEs posible modificar o anular un pedido?&#8221;]Puede ser realizado solo en el caso que no se encuentre &#8220;en proceso&#8221;. Si ha seleccionado como forma de pago Mercado pago o Transferencia Bancaria, puede cancelar el pedido antes de haber realizado el pago.[\/vc_toggle][vc_toggle title=&#8221;\u00bfPuedo agregar un producto a un pedido ya realizado para poder unificar los env\u00edos?&#8221;]Lamentablemente no es posible, los pedidos una vez realizados no pueden ser modificados; para garantizar rapidez y puntualidad en los tiempos de producci\u00f3n.[\/vc_toggle][vc_toggle title=&#8221;\u00bfHacen presupuestos personalizados?&#8221;]Si. Env\u00edenos su consulta a ventas@promoprint.com.ar y le responderemos a la brevedad.[\/vc_toggle][\/vc_tta_section][vc_tta_section title=&#8221;Pagos&#8221; tab_id=&#8221;1548356339153-0d09c465-8e16&#8243;][vc_toggle title=&#8221;\u00bfPuedo pagar por medio de transferencia bancaria?&#8221;]Si, pero ten\u00e9 en cuenta que la transferencia bancaria puede demorar entre 24 y 48 horas en hacerse efectiva, y deber\u00e1s enviarnos el comprobante de la transferencia por e-mail para confirmar el pago. Todos los datos necesarios para realizar la transferencia se informan en la p\u00e1gina, si eliges esta opci\u00f3n.[\/vc_toggle][\/vc_tta_section][vc_tta_section title=&#8221;Tiempo y Entrega&#8221; tab_id=&#8221;1548356407858-38ebcab6-121e&#8221;][vc_toggle title=&#8221;\u00bfPuedo retirar el pedido por su local?&#8221;]Claro que s\u00ed! La direcci\u00f3n es[\/vc_toggle][vc_toggle title=&#8221;\u00bfEs posible acordar un horario de entrega del pedido?&#8221;]No, las entregas se realizan a trav\u00e9s del transportista y son previstas en el arco de la jornada laboral. No es posible fijar un horario preciso o ser contactado previamente para acordarlo.[\/vc_toggle][vc_toggle title=&#8221;\u00bfA partir de qu\u00e9 momento debo tomar en cuenta el tiempo de entrega?&#8221;]Despu\u00e9s de que nos env\u00edes el dise\u00f1o y que el pago haya sido aprobado, te enviaremos un mail con la confirmaci\u00f3n de que el dise\u00f1o est\u00e1 correctamente armado.<\/p>\n<p>Este es el momento que debe tomarse como inicio del tiempo de producci\u00f3n, que depende de cada producto. A este tiempo hay que sumarle el tiempo de envi\u00f3, si es que se utiliza dicho servicio.[\/vc_toggle][vc_toggle title=&#8221;\u00bfHacen env\u00edos a domicilio?&#8221;]Si, solamente tenes que llenar tus datos al momento de la compra, y elegir si \u00e9l envi\u00f3 es en Capital Federal (CABA) o en el interior del Pa\u00eds.[\/vc_toggle][\/vc_tta_section][vc_tta_section title=&#8221;Preparaci\u00f3n&#8221; tab_id=&#8221;1548356834029-9db19cd7-74de&#8221;][vc_toggle title=&#8221;\u00bfImprimen en colores especiales (Pantone)?&#8221;]Si usted necesita imprimir con Pantone o colores especiales (metalizados), cons\u00faltenos podemos realizar el presupuesto que usted necesite a medida.<\/p>\n<p>Si usted solicit\u00f3 un producto est\u00e1ndar, no lo imprimiremos con Pantone. Antes de enviar los archivos aseg\u00farese que est\u00e9n completamente convertidos en CMYK. Si recibimos archivos con Pantone en productos est\u00e1ndar, ser\u00e1n convertidos a CMYK.[\/vc_toggle][vc_toggle title=&#8221;\u00bfQu\u00e9 es convertir texto a curvas?&#8221;]Es convertir el texto en dibujo, en vectores. Deja de ser texto editable. De esta forma nos aseguramos, que al abrirlo en otra computadora, se va a mantener tal cual se cre\u00f3.[\/vc_toggle][vc_toggle title=&#8221;\u00bfA qu\u00e9 resoluci\u00f3n deben estar las im\u00e1genes?&#8221;]Las im\u00e1genes deben estar a 350 dpi de resoluci\u00f3n.[\/vc_toggle][vc_toggle title=&#8221;\u00bfPor qu\u00e9 debo enviar el archivo de dise\u00f1o comprimido como ZIP o RAR?&#8221;]Porque de esta manera nos aseguramos que el archivo no va a tener problemas al ser descomprimido.[\/vc_toggle][vc_toggle title=&#8221;\u00bfDebo enviar el archivo al tama\u00f1o o lo puedo enviar a escala?&#8221;]Los archivos deben ser enviados siempre en dimensiones reales a 350 dpi de resoluci\u00f3n.[\/vc_toggle][vc_toggle title=&#8221;\u00bfPor qu\u00e9 debo enviar las im\u00e1genes en CMYK?&#8221;]Las im\u00e1genes tienen que ser enviadas en CMYK (Cian, Magenta, Amarillo y Negro) ya que si enviamos en el sistema RGB, seguramente va a haber una variaci\u00f3n de color y un resultado no esperado.[\/vc_toggle][vc_toggle title=&#8221;\u00bfA qu\u00e9 se refieren con impresi\u00f3n 4\/4?&#8221;]Cuando hablamos de impresi\u00f3n 4\/4, hablamos de que se va a imprimir a TODO COLOR tanto en el frente como en el dorso. El sistema Offset de impresi\u00f3n trabaja con 4 tintas (Cian &#8211; Magenta &#8211; Amarillo &#8211; Negro). De ah\u00ed dicho n\u00famero.[\/vc_toggle][\/vc_tta_section][vc_tta_section title=&#8221;Sugerencias&#8221; tab_id=&#8221;1548357897430-37b426bb-92c2&#8243;][vc_wp_text]\n<h3 class=\"text-center w-100\">Tips<\/h3>\n[\/vc_wp_text][vc_toggle title=&#8221;TAMA\u00d1O&#8221;]\n<p><img loading=\"lazy\" decoding=\"async\" class=\"alignnone size-full wp-image-1374\" src=\"http:\/\/promoprint.com.ar\/site3\/wp-content\/uploads\/2019\/01\/sizing-icon-2.png\" alt=\"\" width=\"58\" height=\"54\" \/>Busca el tama\u00f1o del producto que le interesa en la p\u00e1gina. El tama\u00f1o se debe configurar en su p\u00e1gina en el documento.<\/p>\n[\/vc_toggle][vc_toggle title=&#8221;CORTE&#8221;]<img loading=\"lazy\" decoding=\"async\" class=\"alignnone size-full wp-image-1377\" src=\"http:\/\/promoprint.com.ar\/site3\/wp-content\/uploads\/2019\/01\/noun_Crop_821876.png\" alt=\"\" width=\"58\" height=\"54\" \/><br \/>\nA\u00f1adir lineas de corte para saber por donde va a ir el corte.<br \/>\n[\/vc_toggle][vc_toggle title=&#8221;DEMAS\u00cdA&#8221;]\n<img decoding=\"async\" class=\"alignnone size-full wp-image-1380\" src=\"http:\/\/promoprint.com.ar\/site3\/wp-content\/uploads\/2019\/01\/noun_Scissors_538731.png\" \/><\/p>\n<p>Los documentos deber\u00e1n tener un sangrado (demas\u00edas) de 5 mm. El sangrado consisten en extender la imagen del trabajo m\u00e1s all\u00e1 de las marcas de corte. Esto es vital debido a que en el momento del corte en guillotina puede haber desplazamientos m\u00ednimos (purga) en todas las direcciones de 2 mm en los 4 lados, que si no disponen del sangrado adecuado puede afectar a la calidad del trabajo final (imprescindible). Ej.: Si tu tarjeta mide 9 x 5 cm., la demas\u00eda debe ser de 10 x 6 cm.[\/vc_toggle][vc_toggle title=&#8221;\u00c1REA SEGURA&#8221;]<a href=\"http:\/\/promoprint.com.ar\/site3\/wp-content\/uploads\/2019\/01\/margin-icom.png\"><img loading=\"lazy\" decoding=\"async\" class=\"alignnone size-full wp-image-1382\" src=\"http:\/\/promoprint.com.ar\/site3\/wp-content\/uploads\/2019\/01\/margin-icom.png\" alt=\"\" width=\"58\" height=\"54\" \/><\/a>Los datos sensibles (textos, tel\u00e9fonos, etc.) deben tener una separaci\u00f3n de los bordes (caja), no inferior a 5 mm. (10 mm. en folletos y carteles). Por ejemplo, en un documento de 9 x 5 mm. el area segura debe medir 8 x 4 mm. Esto har\u00e1 que su trabajo se vea m\u00e1s profesional.[\/vc_toggle][vc_wp_text]\n<h3>Otras consideraciones para preparar sus materiales.<\/h3>\n[\/vc_wp_text][vc_toggle title=&#8221;Blancos no tan blancos&#8221;]Muchas im\u00e1genes bajadas de internet o escaneadas, vienen con ret\u00edculas imperceptibles de color en donde al imprimir aparecen l\u00edneas o velos no vistos en pantalla, retocar contrastes, recortar o calar logos para evitar sorpresas.[\/vc_toggle][vc_toggle title=&#8221;Fuentes&#8221;]Convertir todas las tipograf\u00edas a curvas, contorno, sin excepci\u00f3n, las cuales pueden modificar la estructura al no reconocerlas nuestros ordenadores. No convertir a bitmap o rasterizar tipograf\u00edas, ya que pueden generar el famoso serruchado, Convertir todo menos tipograf\u00edas. Evitar tipograf\u00edas con color menores a 12 pt, tambi\u00e9n el negro enriquecido en tipograf\u00edas menores a 12 pt, e igual en tipograf\u00edas blancas sobre negro enriquecido, ya que el dif\u00edcil registro perfecto, puede generar textos borroso o de poca claridad.[\/vc_toggle][vc_toggle title=&#8221;Grandes \u00e1reas de color&#8221;]Es posible que se impriman lavado, bandeado y desigual. Es dif\u00edcil conseguir una regulaci\u00f3n de los rodillos constante y misma presi\u00f3n sobre los materiales, lo cual dificulta conseguir plenos parejos, a\u00f1adir ruido o agregar imagen al pleno.[\/vc_toggle][vc_toggle title=&#8221;Marcas de agua&#8221;]Tener cuidado con las marcas de agua, si son demasiadas pesada puede hacer que el texto o bloque se vea mal o confuso. Recomendamos el uso de un tinte entre 5 % y 7 % para los mejores resultados. No podemos garantizar a imprimir por debajo del 5 %.[\/vc_toggle][vc_toggle title=&#8221;Degradados o mallas&#8221;]Es mejor evitarlos. Es un tema de an\u00e1lisis ya que para imprimir siempre hay una tendencia a mostrar &#8220;bandas&#8221; y o cambiar de sentido el degrade, generando un resultado poco profesional. Si los utilizan, convertir a mapa de bits, sin excepci\u00f3n[\/vc_toggle][vc_toggle title=&#8221;Im\u00e1genes Incrustadas&#8221;]Algunos de los paquetes de gr\u00e1ficos le permiten guardar con la imagen &#8220;embebida&#8221; o con im\u00e1genes incrustadas. Env\u00eda as\u00ed los archivos ya que nuestros servidores soportan el peso y as\u00ed evitamos el manipuleo de im\u00e1genes y su posible error en el momento de relinkear las mismas.[\/vc_toggle][vc_toggle title=&#8221;Im\u00e1genes RGB\/DUOTONOS&#8221;]Imprimimos todo en CMYK 350dpi. Toda imagen no pasada o convertida se har\u00e1 en forma aleatoria, perdiendo contraste, brillo y hasta a veces de tonalidad. Cambiar sin excepci\u00f3n a CMYK. D\u00faotonos: estos pueden imprimirse en blanco y negro, o con colores lavados &#8211; siempre convertir a CMYK 350 dpi.[\/vc_toggle][vc_toggle title=&#8221;Objetos OLE (word, exel, paint)&#8221;]Aplicaciones de Windows son felices para copiar objetos de ida y vuelta entre ellos. Por desgracia, no se imprimen correctamente. Siempre convertir objetos OLE en mapas de bits antes de enviar el archivo.[\/vc_toggle][vc_toggle title=&#8221;Archivos de Im\u00e1genes&#8221;]Los formatos de archivo m\u00e1s seguros para las im\u00e1genes son guardarlos como archivos TIFF. Evite PSD en capas o EPS files, ya que pueden causar problemas.[\/vc_toggle][vc_toggle title=&#8221;Efectos y Transparencias&#8221;]Estos pueden ser utilizados siempre que se acoplen o conviertan a mapa de bits (rasterizar, flatear) en la resoluci\u00f3n listos para la impresi\u00f3n. Si no, pueden ocasionar conflictos o no salir impreso.[\/vc_toggle][vc_toggle title=&#8221;Rellenos PostScript&#8221;]Dan una repetici\u00f3n de baja resoluci\u00f3n efecto que puede imprimir de forma err\u00e1tica. Ellos no se ven bien de todos modos, es mejor usar otra cosa.[\/vc_toggle][vc_toggle title=&#8221;Rellenos de Textura&#8221;]Puede salir una impresi\u00f3n irregular (o nada). Lo mejor es convertir cualquiera de ellos en un mapa de bits, cerciorarse seleccionar 350 dpi y CMYK.[\/vc_toggle][vc_toggle title=&#8221;Hairlines (L\u00edneas finas)&#8221;]L\u00edneas finas son &#8220;dependientes del dispositivo\u201d, esto significa que imprimen a diferentes resoluciones sobre diferentes m\u00e1quinas. Pueden imprimir bien en la impresora l\u00e1ser 300dpi, pero desaparecer\u00e1 en la 2400 dpi., o en el proceso de CTP, Utilice grosores de 0.25pt o 0,2mm o mayores a estos.[\/vc_toggle][vc_toggle title=&#8221;Recuadros (Fronteras)&#8221;]Evita el uso de recuadros (especialmente en objetos peque\u00f1os, tales como tarjetas personales), ya que incluso un movimiento de medio mil\u00edmetro en el guillotinado puede hacer que el resultado sea irregular y poco profesional.[\/vc_toggle][vc_toggle title=&#8221;Sobreimpresi\u00f3n (overprint)&#8221;]Ten\u00e9 cuidado con los ajustes de sobreimpresi\u00f3n Es preferible que no definas objetos para sobreimprimir, la utilizaci\u00f3n de sobreimpresi\u00f3n genera confusiones y resultados muy diferentes a lo que se ve en la pantalla o la prueba. El texto negro, en nuestros pasos de pre impresi\u00f3n, por defecto, realiza la sobreimpresi\u00f3n.[\/vc_toggle][vc_toggle title=&#8221;Compresi\u00f3n&#8221;]Puedes usar WinZip, Winrar o Stufflt para comprimir los archivos, pero nunca comprimir im\u00e1genes utilizando la compresi\u00f3n LZW \u00f3 JPEG. Si lo haces, puede causar problemas y puede resultar poco satisfactoria su calidad de imagen.[\/vc_toggle][\/vc_tta_section][\/vc_tta_tabs][\/vc_column][\/vc_row]\n","protected":false},"excerpt":{"rendered":"<p>[vc_row css=&#8221;.vc_custom_1452528874231{margin-top: 50px !important;}&#8221;][vc_column][vc_custom_heading text=&#8221;Preguntas Frecuentes&#8221; font_container=&#8221;tag:h2|text_align:center&#8221; google_fonts=&#8221;font_family:Montserrat%3Aregular%2C700|font_style:400%20regular%3A400%3Anormal&#8221;][vc_column_text] Aqu\u00ed podr\u00e1s encontrar las consultas m\u00e1s comunes sobre nuestro sitio, y al respecto de &hellip;<\/p>\n","protected":false},"author":3,"featured_media":0,"parent":0,"menu_order":0,"comment_status":"closed","ping_status":"closed","template":"page-templates\/page-template-fullwidth.php","meta":{"footnotes":""},"class_list":["post-1575","page","type-page","status-publish","hentry"],"_links":{"self":[{"href":"http:\/\/promoprint.com.ar\/site4\/wp-json\/wp\/v2\/pages\/1575","targetHints":{"allow":["GET"]}}],"collection":[{"href":"http:\/\/promoprint.com.ar\/site4\/wp-json\/wp\/v2\/pages"}],"about":[{"href":"http:\/\/promoprint.com.ar\/site4\/wp-json\/wp\/v2\/types\/page"}],"author":[{"embeddable":true,"href":"http:\/\/promoprint.com.ar\/site4\/wp-json\/wp\/v2\/users\/3"}],"replies":[{"embeddable":true,"href":"http:\/\/promoprint.com.ar\/site4\/wp-json\/wp\/v2\/comments?post=1575"}],"version-history":[{"count":5,"href":"http:\/\/promoprint.com.ar\/site4\/wp-json\/wp\/v2\/pages\/1575\/revisions"}],"predecessor-version":[{"id":2961,"href":"http:\/\/promoprint.com.ar\/site4\/wp-json\/wp\/v2\/pages\/1575\/revisions\/2961"}],"wp:attachment":[{"href":"http:\/\/promoprint.com.ar\/site4\/wp-json\/wp\/v2\/media?parent=1575"}],"curies":[{"name":"wp","href":"https:\/\/api.w.org\/{rel}","templated":true}]}}